{"id":10,"date":"2021-10-26T10:33:28","date_gmt":"2021-10-26T10:33:28","guid":{"rendered":"https:\/\/notaires-monge-pilloix.com\/?page_id=10"},"modified":"2022-01-12T11:31:44","modified_gmt":"2022-01-12T11:31:44","slug":"office-notarial-arcachon-informations","status":"publish","type":"page","link":"https:\/\/notaires-monge-pilloix.com\/en\/office-notarial-arcachon-informations\/","title":{"rendered":"Informations &amp; advice"},"content":{"rendered":"\n\n[et_pb_section admin_label=\u00a0\u00bbsection\u00a0\u00bb]\n\t\t\t[et_pb_row admin_label=\u00a0\u00bbrow\u00a0\u00bb]\n\t\t\t\t[et_pb_column type=\u00a0\u00bb4_4&Prime;][et_pb_text admin_label=\u00a0\u00bbText\u00a0\u00bb][\/et_pb_text][\/et_pb_column]\n\t\t\t[\/et_pb_row]\n\t\t[\/et_pb_section]\n\n","protected":false},"excerpt":{"rendered":"","protected":false},"author":1,"featured_media":0,"parent":0,"menu_order":0,"comment_status":"closed","ping_status":"closed","template":"","meta":{"_et_pb_use_builder":"on","_et_pb_old_content":"<!-- wp:divi\/placeholder \/-->","_et_gb_content_width":"","footnotes":""},"class_list":["post-10","page","type-page","status-publish","hentry"],"yoast_head":"<!-- This site is optimized with the Yoast SEO plugin v27.5 - https:\/\/yoast.com\/product\/yoast-seo-wordpress\/ -->\n<title>Office notarial \u00e0 Arcachon: informations, conseils - Notaires Monge Pilloix<\/title>\n<meta name=\"description\" content=\"D\u00e9couvrez notre office notarial bas\u00e9 \u00e0 Arcachon. Nous vous proposons des informations relatives \u00e0 nos services ainsi que des conseils.\" \/>\n<meta name=\"robots\" content=\"index, follow, max-snippet:-1, max-image-preview:large, max-video-preview:-1\" \/>\n<link rel=\"canonical\" href=\"https:\/\/notaires-monge-pilloix.com\/en\/office-notarial-arcachon-informations\/\" \/>\n<meta property=\"og:locale\" content=\"en_GB\" \/>\n<meta property=\"og:type\" content=\"article\" \/>\n<meta property=\"og:title\" content=\"Office notarial \u00e0 Arcachon: informations, conseils - Notaires Monge Pilloix\" \/>\n<meta property=\"og:description\" content=\"D\u00e9couvrez notre office notarial bas\u00e9 \u00e0 Arcachon. Nous vous proposons des informations relatives \u00e0 nos services ainsi que des conseils.\" \/>\n<meta property=\"og:url\" content=\"https:\/\/notaires-monge-pilloix.com\/en\/office-notarial-arcachon-informations\/\" \/>\n<meta property=\"og:site_name\" content=\"Notaire Arcachon sur Bassin d Arcachon\" \/>\n<meta property=\"article:modified_time\" content=\"2022-01-12T11:31:44+00:00\" \/>\n<meta name=\"twitter:card\" content=\"summary_large_image\" \/>\n<meta name=\"twitter:label1\" content=\"Estimated reading time\" \/>\n\t<meta name=\"twitter:data1\" content=\"1 minute\" \/>\n<script type=\"application\/ld+json\" class=\"yoast-schema-graph\">{\"@context\":\"https:\\\/\\\/schema.org\",\"@graph\":[{\"@type\":\"WebPage\",\"@id\":\"https:\\\/\\\/notaires-monge-pilloix.com\\\/office-notarial-arcachon-informations\\\/\",\"url\":\"https:\\\/\\\/notaires-monge-pilloix.com\\\/office-notarial-arcachon-informations\\\/\",\"name\":\"Office notarial \u00e0 Arcachon: informations, conseils - Notaires Monge Pilloix\",\"isPartOf\":{\"@id\":\"https:\\\/\\\/notaires-monge-pilloix.com\\\/#website\"},\"datePublished\":\"2021-10-26T10:33:28+00:00\",\"dateModified\":\"2022-01-12T11:31:44+00:00\",\"description\":\"D\u00e9couvrez notre office notarial bas\u00e9 \u00e0 Arcachon. Nous vous proposons des informations relatives \u00e0 nos services ainsi que des conseils.\",\"breadcrumb\":{\"@id\":\"https:\\\/\\\/notaires-monge-pilloix.com\\\/office-notarial-arcachon-informations\\\/#breadcrumb\"},\"inLanguage\":\"en-GB\",\"potentialAction\":[{\"@type\":\"ReadAction\",\"target\":[\"https:\\\/\\\/notaires-monge-pilloix.com\\\/office-notarial-arcachon-informations\\\/\"]}]},{\"@type\":\"BreadcrumbList\",\"@id\":\"https:\\\/\\\/notaires-monge-pilloix.com\\\/office-notarial-arcachon-informations\\\/#breadcrumb\",\"itemListElement\":[{\"@type\":\"ListItem\",\"position\":1,\"name\":\"Accueil\",\"item\":\"https:\\\/\\\/notaires-monge-pilloix.com\\\/\"},{\"@type\":\"ListItem\",\"position\":2,\"name\":\"Informations &#038; Conseils\"}]},{\"@type\":\"WebSite\",\"@id\":\"https:\\\/\\\/notaires-monge-pilloix.com\\\/#website\",\"url\":\"https:\\\/\\\/notaires-monge-pilloix.com\\\/\",\"name\":\"Notaire Arcachon sur Bassin d Arcachon\",\"description\":\"Monge \\\/ Pilloix\",\"potentialAction\":[{\"@type\":\"SearchAction\",\"target\":{\"@type\":\"EntryPoint\",\"urlTemplate\":\"https:\\\/\\\/notaires-monge-pilloix.com\\\/?s={search_term_string}\"},\"query-input\":{\"@type\":\"PropertyValueSpecification\",\"valueRequired\":true,\"valueName\":\"search_term_string\"}}],\"inLanguage\":\"en-GB\"}]}<\/script>\n<!-- \/ Yoast SEO plugin. -->","yoast_head_json":{"title":"Office notarial \u00e0 Arcachon: informations, conseils - Notaires Monge Pilloix","description":"D\u00e9couvrez notre office notarial bas\u00e9 \u00e0 Arcachon. Nous vous proposons des informations relatives \u00e0 nos services ainsi que des conseils.","robots":{"index":"index","follow":"follow","max-snippet":"max-snippet:-1","max-image-preview":"max-image-preview:large","max-video-preview":"max-video-preview:-1"},"canonical":"https:\/\/notaires-monge-pilloix.com\/en\/office-notarial-arcachon-informations\/","og_locale":"en_GB","og_type":"article","og_title":"Office notarial \u00e0 Arcachon: informations, conseils - Notaires Monge Pilloix","og_description":"D\u00e9couvrez notre office notarial bas\u00e9 \u00e0 Arcachon. Nous vous proposons des informations relatives \u00e0 nos services ainsi que des conseils.","og_url":"https:\/\/notaires-monge-pilloix.com\/en\/office-notarial-arcachon-informations\/","og_site_name":"Notaire Arcachon sur Bassin d Arcachon","article_modified_time":"2022-01-12T11:31:44+00:00","twitter_card":"summary_large_image","twitter_misc":{"Estimated reading time":"1 minute"},"schema":{"@context":"https:\/\/schema.org","@graph":[{"@type":"WebPage","@id":"https:\/\/notaires-monge-pilloix.com\/office-notarial-arcachon-informations\/","url":"https:\/\/notaires-monge-pilloix.com\/office-notarial-arcachon-informations\/","name":"Office notarial \u00e0 Arcachon: informations, conseils - Notaires Monge Pilloix","isPartOf":{"@id":"https:\/\/notaires-monge-pilloix.com\/#website"},"datePublished":"2021-10-26T10:33:28+00:00","dateModified":"2022-01-12T11:31:44+00:00","description":"D\u00e9couvrez notre office notarial bas\u00e9 \u00e0 Arcachon. Nous vous proposons des informations relatives \u00e0 nos services ainsi que des conseils.","breadcrumb":{"@id":"https:\/\/notaires-monge-pilloix.com\/office-notarial-arcachon-informations\/#breadcrumb"},"inLanguage":"en-GB","potentialAction":[{"@type":"ReadAction","target":["https:\/\/notaires-monge-pilloix.com\/office-notarial-arcachon-informations\/"]}]},{"@type":"BreadcrumbList","@id":"https:\/\/notaires-monge-pilloix.com\/office-notarial-arcachon-informations\/#breadcrumb","itemListElement":[{"@type":"ListItem","position":1,"name":"Accueil","item":"https:\/\/notaires-monge-pilloix.com\/"},{"@type":"ListItem","position":2,"name":"Informations &#038; Conseils"}]},{"@type":"WebSite","@id":"https:\/\/notaires-monge-pilloix.com\/#website","url":"https:\/\/notaires-monge-pilloix.com\/","name":"Notaire Arcachon sur Bassin d Arcachon","description":"Monge \/ Pilloix","potentialAction":[{"@type":"SearchAction","target":{"@type":"EntryPoint","urlTemplate":"https:\/\/notaires-monge-pilloix.com\/?s={search_term_string}"},"query-input":{"@type":"PropertyValueSpecification","valueRequired":true,"valueName":"search_term_string"}}],"inLanguage":"en-GB"}]}},"_links":{"self":[{"href":"https:\/\/notaires-monge-pilloix.com\/en\/wp-json\/wp\/v2\/pages\/10","targetHints":{"allow":["GET"]}}],"collection":[{"href":"https:\/\/notaires-monge-pilloix.com\/en\/wp-json\/wp\/v2\/pages"}],"about":[{"href":"https:\/\/notaires-monge-pilloix.com\/en\/wp-json\/wp\/v2\/types\/page"}],"author":[{"embeddable":true,"href":"https:\/\/notaires-monge-pilloix.com\/en\/wp-json\/wp\/v2\/users\/1"}],"replies":[{"embeddable":true,"href":"https:\/\/notaires-monge-pilloix.com\/en\/wp-json\/wp\/v2\/comments?post=10"}],"version-history":[{"count":3,"href":"https:\/\/notaires-monge-pilloix.com\/en\/wp-json\/wp\/v2\/pages\/10\/revisions"}],"predecessor-version":[{"id":408,"href":"https:\/\/notaires-monge-pilloix.com\/en\/wp-json\/wp\/v2\/pages\/10\/revisions\/408"}],"wp:attachment":[{"href":"https:\/\/notaires-monge-pilloix.com\/en\/wp-json\/wp\/v2\/media?parent=10"}],"curies":[{"name":"wp","href":"https:\/\/api.w.org\/{rel}","templated":true}]}}