{"id":417,"date":"2021-12-07T12:07:56","date_gmt":"2021-12-07T12:07:56","guid":{"rendered":"https:\/\/notaires-monge-pilloix.com\/?page_id=417"},"modified":"2022-01-12T11:31:28","modified_gmt":"2022-01-12T11:31:28","slug":"politique-protection-des-donnees-personnelles","status":"publish","type":"page","link":"https:\/\/notaires-monge-pilloix.com\/en\/politique-protection-des-donnees-personnelles\/","title":{"rendered":"Politique Protection des donn\u00e9es personnelles"},"content":{"rendered":"\n[et_pb_section fb_built=\u00a0\u00bb1&Prime; _builder_version=\u00a0\u00bb4.11.4&Prime; _module_preset=\u00a0\u00bbdefault\u00a0\u00bb global_colors_info=\u00a0\u00bb{}\u00a0\u00bb][et_pb_row _builder_version=\u00a0\u00bb4.11.4&Prime; _module_preset=\u00a0\u00bbdefault\u00a0\u00bb global_colors_info=\u00a0\u00bb{}\u00a0\u00bb][et_pb_column type=\u00a0\u00bb4_4&Prime; _builder_version=\u00a0\u00bb4.11.4&Prime; _module_preset=\u00a0\u00bbdefault\u00a0\u00bb global_colors_info=\u00a0\u00bb{}\u00a0\u00bb][et_pb_text _builder_version=\u00a0\u00bb4.11.4&Prime; _module_preset=\u00a0\u00bbdefault\u00a0\u00bb global_colors_info=\u00a0\u00bb{}\u00a0\u00bb]<h1 class=\"ttl-is-h1\"><\/h1>\n<h1>DONN\u00c9ES PERSONNELLES<\/h1>\n<div>\n<p><span><strong>Politique Protection des donn\u00e9es personnelles<\/strong><\/span><\/p>\n<p><span>Soucieuse du respect de votre vie priv\u00e9e, la protection des donn\u00e9es personnelles est l\u2019une de nos pr\u00e9occupations majeures.<\/span><\/p>\n<p><span>Aussi la pr\u00e9sente politique a pour objectif de vous fournir une information concise et pertinente concernant les traitements de donn\u00e9es personnelles effectu\u00e9s pour la mise en \u0153uvre des sites internet Prisme Office.<\/span><\/p>\n<p><span><strong>D\u00e9finitions<\/strong><\/span><\/p>\n<p><span><strong>Donn\u00e9es personnelles\u00a0:<\/strong>\u00a0toute information relative \u00e0 une personne identifi\u00e9e ou identifiable directement ou indirectement (ci-apr\u00e8s, \u00ab\u00a0donn\u00e9es\u00a0\u00bb ou \u00ab\u00a0donn\u00e9es personnelles\u00a0\u00bb).<\/span><\/p>\n<p><span><strong>Traitement de donn\u00e9es personnelles\u00a0:\u00a0<\/strong>toute op\u00e9ration portant sur des donn\u00e9es personnelles telles que la collecte, l\u2019enregistrement, l\u2019extraction, la modification, etc. (ci-apr\u00e8s, \u00ab\u00a0traitement\u00a0\u00bb ou \u00ab\u00a0traitement de donn\u00e9es personnelles\u00a0\u00bb<\/span><\/p>\n<p><span><strong>Personnes concern\u00e9es<\/strong>\u00a0: toute personne physique dont les donn\u00e9es personnelles font l\u2019objet d\u2019un traitement (ci-apr\u00e8s, \u00ab\u00a0vous\u00a0\u00bb, \u00ab\u00a0vos\u00a0\u00bb ou \u00ab\u00a0personnes concern\u00e9es\u00a0\u00bb).<\/span><\/p>\n<p><span><strong>Responsable de traitement\u00a0:\u00a0<\/strong>personne physique ou morale qui d\u00e9termine la finalit\u00e9 et les moyens du traitement.<strong><\/strong><\/span><\/p>\n<p><span><strong>D\u00e9l\u00e9gu\u00e9 \u00e0 la protection des Donn\u00e9es\u00a0:\u00a0<\/strong>personne d\u00e9sign\u00e9e par le responsable de traitement pour notamment contr\u00f4ler le respect de la r\u00e9glementation, \u00eatre le point de contact pour les questions relatives aux droits des personnes concern\u00e9es et coop\u00e9rer avec la Commission nationale de l&rsquo;informatique et des libert\u00e9s (CNIL).<\/span><\/p>\n<p><strong><span>Cookies\u00a0<\/span><\/strong><span>: fichier informatique (traceur) d\u00e9pos\u00e9 et lu notamment suite \u00e0 la consultation d\u2019un site internet, la lecture d\u2019un courrier \u00e9lectronique, l\u2019utilisation d\u2019une application ou d\u2019un logiciel, quel que soit le terminal utilis\u00e9.<\/span><\/p>\n<p><span><strong>Responsable de traitement<\/strong><\/span><\/p>\n<p><span>L&rsquo;office notarial et Agence HATCHI, 15 Avenue du Parc Pereire, 33120 Arcachon, sont responsables conjoints du traitement de donn\u00e9es personnelles relatif \u00e0 des traitements des donn\u00e9es personnelles de communication externe au sens du R\u00e8glement (UE) 2016\/679 du 27 avril 2016, s\u2019engagent \u00e0 mettre en \u0153uvre les mesures appropri\u00e9es afin de prot\u00e9ger vos donn\u00e9es personnelles.<\/span><\/p>\n<p><span><strong>Fondement et finalit\u00e9 des traitements de donn\u00e9es personnelles<\/strong><\/span><\/p>\n<p><span>Le traitement de donn\u00e9es personnelles est fond\u00e9 sur l\u2019int\u00e9r\u00eat l\u00e9gitime des responsables de traitement visant \u00e0 faciliter les \u00e9changes et assurer la communication aupr\u00e8s du grand public.<\/span><\/p>\n<p><span>Pour Agence HATCHI, les donn\u00e9es personnelles vous concernant sont trait\u00e9es pour les finalit\u00e9s suivantes :<\/span><\/p>\n<ul>\n<li><span>Assurer le bon fonctionnement et l\u2019am\u00e9lioration du site internet, des services et des fonctionnalit\u00e9s propos\u00e9s\u00a0;<\/span><\/li>\n<li><span>Garantir la s\u00e9curit\u00e9 du site internet.<\/span><\/li>\n<\/ul>\n<p><span>Pour l\u2019office, les donn\u00e9es personnelles vous concernant sont trait\u00e9es pour les finalit\u00e9s suivantes\u00a0:<\/span><\/p>\n<ul>\n<li><span>Publier du contenu \u00e0 l\u2019attention du grand public.<\/span><\/li>\n<\/ul>\n<p><span>Des services et\/ou fonctionnalit\u00e9s compl\u00e9mentaires fond\u00e9s sur l\u2019ex\u00e9cution d\u2019un contrat (ou de mesures pr\u00e9 contractuelles prises \u00e0 la demande de la personne concern\u00e9e) sont propos\u00e9s.<\/span><\/p>\n<p><span>Pour Agence HATCHI ; les traitements de donn\u00e9es mis en \u0153uvre \u00e0 cette occasion ont pour finalit\u00e9 :<\/span><\/p>\n<ul>\n<li><span>La fourniture du service en ligne relatif \u00e0 la gestion de la prise de contact<\/span><\/li>\n<li><span>La gestion du service permettant d\u2019acc\u00e9der au paiement en ligne lorsque cette possibilit\u00e9 existe<\/span><\/li>\n<\/ul>\n<p><span>Le consentement des personnes concern\u00e9es fonde les traitements de donn\u00e9es personnelles mis en \u0153uvre aux fins de\u00a0:<\/span><\/p>\n<ul>\n<li><span>G\u00e9rer le d\u00e9p\u00f4t de cookies, sauf ceux n\u00e9cessaires au fonctionnement du site (cf. partie \u00ab\u00a0Les fonctionnalit\u00e9s des cookies utilis\u00e9s sur le site internet\u00a0\u00bb)<\/span><\/li>\n<\/ul>\n<p><span><strong>Collecte de donn\u00e9es personnelles<\/strong><\/span><\/p>\n<p><span>Conform\u00e9ment \u00e0 la r\u00e8glementation, seules les donn\u00e9es n\u00e9cessaires aux finalit\u00e9s pr\u00e9cit\u00e9es sont trait\u00e9es.<\/span><\/p>\n<p><span><strong>Dur\u00e9es de conservation des donn\u00e9es personnelles<\/strong><\/span><\/p>\n<p><span>Les donn\u00e9es collect\u00e9es sont conserv\u00e9es pour une dur\u00e9e limit\u00e9e et n\u00e9cessaire \u00e0 la r\u00e9alisation des finalit\u00e9s mentionn\u00e9es pr\u00e9c\u00e9demment. Il s\u2019agit, g\u00e9n\u00e9ralement, du temps n\u00e9cessaire au traitement de votre demande.<\/span><\/p>\n<p><span>Les informations de connexion n\u00e9cessaires notamment \u00e0 l\u2019am\u00e9lioration du site internet et au maintien d\u2019un niveau de s\u00e9curit\u00e9 appropri\u00e9 sont conserv\u00e9es jusqu\u2019\u00e0 12 mois apr\u00e8s la collecte.<\/span><\/p>\n<p><span>Les informations n\u00e9cessaires \u00e0 assurer le bon fonctionnement et l\u2019am\u00e9lioration du site, des services et des fonctionnalit\u00e9s propos\u00e9es sont conserv\u00e9es 10 ans \u00e0 compter de la signature du contrat. Les informations n\u00e9cessaires \u00e0 la gestion du service permettant d\u2019acc\u00e9der au paiement en ligne ne sont conserv\u00e9es que le temps de l\u2019appel technique \u00e0 ce service.<\/span><\/p>\n<p><span><strong>Destinataires des donn\u00e9es personnelles<\/strong><\/span><\/p>\n<p><span>Pour la r\u00e9alisation des finalit\u00e9s pr\u00e9cit\u00e9es, vos donn\u00e9es sont susceptibles d\u2019\u00eatre communiqu\u00e9es int\u00e9gralement ou en partie:<\/span><\/p>\n<ul>\n<li><span>Aux tiers l\u00e9galement habilit\u00e9s (ex : autorit\u00e9s de police dans le cadre des r\u00e9quisitions judiciaires) ;<\/span><\/li>\n<li><span>Aux sous-traitants en charge des prestations de maintenance et d\u2019h\u00e9bergement<\/span><\/li>\n<li><span>Au Conseil sup\u00e9rieur du Notariat pour la validation et la mise \u00e0 jour des URL, ainsi que celle de la liste des offices appartenant au Club des certifi\u00e9s<\/span><\/li>\n<li><span>Aux Instances notariales \u00e0 des fins de validation de la cr\u00e9ation du Service<\/span><\/li>\n<li><span>Aux bureaux d\u2019enregistrement des noms de domaines, \u00e0 cette fin<\/span><\/li>\n<li><span>Natixis pour mettre en relation l\u2019internaute avec leur espace de paiement en ligne, le cas \u00e9ch\u00e9ant.<\/span><\/li>\n<\/ul>\n<p><span><strong>Transfert des donn\u00e9es hors Union Europ\u00e9enne<\/strong><\/span><\/p>\n<p><span>Certaines op\u00e9rations de traitement sont r\u00e9alis\u00e9es dans un\/des pays hors Union Europ\u00e9enne. En l\u2019absence de d\u00e9cision d\u2019ad\u00e9quation rendue par la Commission europ\u00e9enne, ce transfert fait l\u2019objet d\u2019un encadrement juridique appropri\u00e9 par des clauses contractuelles types de protection des donn\u00e9es adopt\u00e9es ou approuv\u00e9es par la Commission europ\u00e9enne dont une copie est disponible sur demande ou accessible \u00e0 l\u2019emplacement suivant\u00a0: https:\/\/www.ibm.com\/tn-fr\/privacy.<\/span><\/p>\n<p><span>Les donn\u00e9es n\u00e9cessaires \u00e0 l\u2019\u00e9laboration des statistiques et de mesures d\u2019audience sont susceptibles d\u2019\u00eatre trait\u00e9es hors UE, conform\u00e9ment \u00e0 la politique de gestion des donn\u00e9es mise en place par le responsable de chaque \u00e9diteur.<\/span><\/p>\n<p><span><strong>S\u00e9curit\u00e9 des donn\u00e9es personnelles<\/strong><\/span><\/p>\n<p><span>Le Responsable de traitement s\u2019engage \u00e0 garantir la confidentialit\u00e9 et la s\u00e9curit\u00e9 des donn\u00e9es personnelles trait\u00e9es. Il veille \u00e9galement \u00e0 l\u2019engagement des sous-traitants pour assurer la mise en \u0153uvre de mesures techniques et organisationnelles afin de vous garantir un niveau de s\u00e9curit\u00e9 appropri\u00e9.<\/span><\/p>\n<p><span><strong>Vos droits<\/strong><\/span><\/p>\n<p><span>Conform\u00e9ment \u00e0 la r\u00e9glementation, vous pouvez acc\u00e9der aux donn\u00e9es vous concernant. Le cas \u00e9ch\u00e9ant, vous pouvez demander la rectification ou l\u2019effacement de celles-ci, obtenir la limitation du traitement de ces donn\u00e9es ou vous y opposer pour des raisons tenant \u00e0 votre situation particuli\u00e8re. Vous pouvez \u00e9galement d\u00e9finir des directives relatives \u00e0 la conservation, \u00e0 l\u2019effacement et \u00e0 la communication de vos donn\u00e9es personnelles apr\u00e8s votre d\u00e9c\u00e8s.<\/span><\/p>\n<p><span>Ces droits peuvent \u00eatre exerc\u00e9s directement aupr\u00e8s du Responsable de traitement ou de son D\u00e9l\u00e9gu\u00e9 \u00e0 la protection des donn\u00e9es \u00bb \u00e0 l\u2019adresse suivante : contact@notaires-monge-pilloix.com<\/span><\/p>\n<p><span>Si vous estimez, apr\u00e8s nous avoir contact\u00e9s, que vos droits ne sont pas respect\u00e9s, vous pouvez introduire une r\u00e9clamation aupr\u00e8s d\u2019une autorit\u00e9 de contr\u00f4le comp\u00e9tente, la CNIL pour la France.<\/span><\/p>\n<p><span><strong>Les cookies<\/strong><\/span><\/p>\n<p><span><strong>Les fonctionnalit\u00e9s des cookies utilis\u00e9s sur le site internet<\/strong><\/span><\/p>\n<p><span>Lors de la navigation sur le site internet, des outils de tra\u00e7age peuvent g\u00e9n\u00e9rer et d\u00e9poser un ou plusieurs cookie(s) sur votre terminal. Ils peuvent notamment faciliter votre navigation (ex\u00a0: m\u00e9morisation de votre identifiant), \u00e9tablir des statistiques et des mesures d\u2019audience afin d\u2019am\u00e9liorer le site internet, permettre la publicit\u00e9 cibl\u00e9e.<strong><\/strong><\/span><\/p>\n<ul>\n<li><span><strong>Les cookies fonctionnels<\/strong>\u00a0sont strictement n\u00e9cessaires \u00e0 la fourniture du service express\u00e9ment demand\u00e9 par l\u2019utilisateur et \u00e0 la navigation (ex\u00a0: adaptation de l\u2019affichage \u00e0 votre terminal, choix de langue, acc\u00e8s \u00e0 un espace personnel, etc.). \u00a0De fait, ils sont dispens\u00e9s du recueil de consentement.<\/span><\/li>\n<li><span><strong>Les cookies analytiques<\/strong>\u00a0permettent de g\u00e9n\u00e9rer des statistiques li\u00e9es l\u2019utilisation, la fr\u00e9quentation g\u00e9n\u00e9rale et la performance du site internet en vue de l\u2019am\u00e9liorer.<\/span><\/li>\n<li><span><strong>Les cookies \u00ab\u00a0tiers\u00a0\u00bb de partage de contenu sur les r\u00e9seaux sociaux\u00a0<\/strong>facilitent le partage du contenu du site internet sur les diff\u00e9rentes plateformes sociales. Ils sont d\u00e9pos\u00e9s via des boutons r\u00e9seaux sociaux. Pour de plus amples informations sur l\u2019utilisation de vos donn\u00e9es, nous vous invitons \u00e0 consulter les politiques de protection des donn\u00e9es des r\u00e9seaux sociaux concern\u00e9s.<\/span><\/li>\n<li><span><strong>Les cookies \u00ab\u00a0tiers\u00a0\u00bb de ciblage<\/strong><strong>\u00a0(publicit\u00e9)\u00a0<\/strong>permettent de proposer des contenus publicitaires personnalis\u00e9s en fonction de vos centres d\u2019int\u00e9r\u00eats.<\/span><\/li>\n<\/ul>\n<p><span><strong>Liste des cookies utilis\u00e9s et\/ou d\u00e9pos\u00e9s par notre site internet\u00a0:<\/strong><\/span><\/p>\n<p><span>Dans le cadre de la mise en \u0153uvre du traitement relatif \u00e0 la communication externe, nous sommes amen\u00e9s \u00e0 utiliser diff\u00e9rents cookies.<\/span><\/p>\n<p><span>La liste de ces derniers est accessible depuis une rubrique sp\u00e9cifique \u00ab\u00a0<em>Gestion des cookies\u00a0\u00bb\u00a0<\/em>disponible au bas de chaque page du pr\u00e9sent site.<\/span><\/p>\n<p><span>Pour plus d\u2019information, nous vous invitons \u00e0 consulter la politique de gestion des donn\u00e9es mise en place par chaque \u00e9diteur d\u2019outils de tra\u00e7age (cookies).<\/span><\/p>\n<p><span><strong>G\u00e9rer les cookies<\/strong><\/span><\/p>\n<p><span>Vous pouvez accepter, refuser ou exprimer vos pr\u00e9f\u00e9rences en mati\u00e8re de cookies directement via le bandeau d\u2019information et de recueil du consentement au d\u00e9p\u00f4t des cookies qui s\u2019affiche lors de votre premi\u00e8re visite sur le site.<\/span><\/p>\n<p><span>Ce dernier est \u00e9galement accessible depuis une rubrique sp\u00e9cifique \u00ab\u00a0<em>Gestion des cookies\u00a0\u00bb\u00a0<\/em>disponible au bas de chaque page du pr\u00e9sent site. Vous pourrez ainsi revenir, \u00e0 tout moment, sur les choix effectu\u00e9s ant\u00e9rieurement.<\/span><\/p>\n<p><span>Le refus du d\u00e9p\u00f4t de cookies sociaux emp\u00eachera toute interaction avec les r\u00e9seaux sociaux. De m\u00eame, le refus du d\u00e9p\u00f4t de cookies de ciblage (publicitaire) ne permettra pas la visualisation de certains contenus multim\u00e9dia.<\/span><\/p>\n<p><span>Vous pouvez \u00e9galement g\u00e9rer les cookies (d\u00e9sactivation, blocage, suppression) depuis votre navigateur ou votre terminal dans le menu \u00ab\u00a0<em>Options\u00a0\u00bb\u00a0<\/em>\/ \u00ab\u00a0<em>Pr\u00e9f\u00e9rences\u00a0\u00bb<\/em>. La proc\u00e9dure \u00e0 suivre est g\u00e9n\u00e9ralement d\u00e9crite dans la rubrique \u00ab\u00a0<em>Aide<\/em>\u00a0\u00bb de votre navigateur.<\/span><\/p>\n<p><span><strong>La mise \u00e0 jour de la politique<\/strong><\/span><\/p>\n<p><span>La pr\u00e9sente Politique de protection des donn\u00e9es \u00e0 caract\u00e8re personnel peut \u00eatre actualis\u00e9e, \u00e0 tout moment, en fonction des \u00e9volutions du traitement ou si la Loi l\u2019exige.<\/span><\/p>\n<\/div>\n<div id=\"a_content\" role=\"main\" class=\"page-body\">\n<div class=\"contrib\">\n<div class=\"field field-name-body field-type-text-with-summary field-label-hidden\">\n<div class=\"field-items\">\n<div class=\"field-item even\" property=\"content:encoded\">\n<h3><u><\/u><\/h3>\n<\/div>\n<\/div>\n<\/div>\n<\/div>\n<\/div>[\/et_pb_text][\/et_pb_column][\/et_pb_row][\/et_pb_section]\n","protected":false},"excerpt":{"rendered":"<p>DONN\u00c9ES PERSONNELLES Politique Protection des donn\u00e9es personnelles Soucieuse du respect de votre vie priv\u00e9e, la protection des donn\u00e9es personnelles est l\u2019une de nos pr\u00e9occupations majeures. Aussi la pr\u00e9sente politique a pour objectif de vous fournir une information concise et pertinente concernant les traitements de donn\u00e9es personnelles effectu\u00e9s pour la mise en \u0153uvre des sites internet [&hellip;]<\/p>\n","protected":false},"author":1,"featured_media":0,"parent":0,"menu_order":0,"comment_status":"closed","ping_status":"closed","template":"","meta":{"_et_pb_use_builder":"on","_et_pb_old_content":"","_et_gb_content_width":"","footnotes":""},"class_list":["post-417","page","type-page","status-publish","hentry"],"yoast_head":"<!-- This site is optimized with the Yoast SEO plugin v27.5 - https:\/\/yoast.com\/product\/yoast-seo-wordpress\/ -->\n<title>Politique Protection des donn\u00e9es personnelles - Notaires Monge Pilloix<\/title>\n<meta name=\"robots\" content=\"index, follow, max-snippet:-1, max-image-preview:large, max-video-preview:-1\" \/>\n<link rel=\"canonical\" href=\"https:\/\/notaires-monge-pilloix.com\/en\/politique-protection-des-donnees-personnelles\/\" \/>\n<meta property=\"og:locale\" content=\"en_GB\" \/>\n<meta property=\"og:type\" content=\"article\" \/>\n<meta property=\"og:title\" content=\"Politique Protection des donn\u00e9es personnelles - Notaires Monge Pilloix\" \/>\n<meta property=\"og:description\" content=\"DONN\u00c9ES PERSONNELLES Politique Protection des donn\u00e9es personnelles Soucieuse du respect de votre vie priv\u00e9e, la protection des donn\u00e9es personnelles est l\u2019une de nos pr\u00e9occupations majeures. Aussi la pr\u00e9sente politique a pour objectif de vous fournir une information concise et pertinente concernant les traitements de donn\u00e9es personnelles effectu\u00e9s pour la mise en \u0153uvre des sites internet [&hellip;]\" \/>\n<meta property=\"og:url\" content=\"https:\/\/notaires-monge-pilloix.com\/en\/politique-protection-des-donnees-personnelles\/\" \/>\n<meta property=\"og:site_name\" content=\"Notaire Arcachon sur Bassin d Arcachon\" \/>\n<meta property=\"article:modified_time\" content=\"2022-01-12T11:31:28+00:00\" \/>\n<meta name=\"twitter:card\" content=\"summary_large_image\" \/>\n<meta name=\"twitter:label1\" content=\"Estimated reading time\" \/>\n\t<meta name=\"twitter:data1\" content=\"7 minutes\" \/>\n<script type=\"application\/ld+json\" class=\"yoast-schema-graph\">{\"@context\":\"https:\\\/\\\/schema.org\",\"@graph\":[{\"@type\":\"WebPage\",\"@id\":\"https:\\\/\\\/notaires-monge-pilloix.com\\\/politique-protection-des-donnees-personnelles\\\/\",\"url\":\"https:\\\/\\\/notaires-monge-pilloix.com\\\/politique-protection-des-donnees-personnelles\\\/\",\"name\":\"Politique Protection des donn\u00e9es personnelles - Notaires Monge Pilloix\",\"isPartOf\":{\"@id\":\"https:\\\/\\\/notaires-monge-pilloix.com\\\/#website\"},\"datePublished\":\"2021-12-07T12:07:56+00:00\",\"dateModified\":\"2022-01-12T11:31:28+00:00\",\"breadcrumb\":{\"@id\":\"https:\\\/\\\/notaires-monge-pilloix.com\\\/politique-protection-des-donnees-personnelles\\\/#breadcrumb\"},\"inLanguage\":\"en-GB\",\"potentialAction\":[{\"@type\":\"ReadAction\",\"target\":[\"https:\\\/\\\/notaires-monge-pilloix.com\\\/politique-protection-des-donnees-personnelles\\\/\"]}]},{\"@type\":\"BreadcrumbList\",\"@id\":\"https:\\\/\\\/notaires-monge-pilloix.com\\\/politique-protection-des-donnees-personnelles\\\/#breadcrumb\",\"itemListElement\":[{\"@type\":\"ListItem\",\"position\":1,\"name\":\"Accueil\",\"item\":\"https:\\\/\\\/notaires-monge-pilloix.com\\\/\"},{\"@type\":\"ListItem\",\"position\":2,\"name\":\"Politique Protection des donn\u00e9es personnelles\"}]},{\"@type\":\"WebSite\",\"@id\":\"https:\\\/\\\/notaires-monge-pilloix.com\\\/#website\",\"url\":\"https:\\\/\\\/notaires-monge-pilloix.com\\\/\",\"name\":\"Notaire Arcachon sur Bassin d Arcachon\",\"description\":\"Monge \\\/ Pilloix\",\"potentialAction\":[{\"@type\":\"SearchAction\",\"target\":{\"@type\":\"EntryPoint\",\"urlTemplate\":\"https:\\\/\\\/notaires-monge-pilloix.com\\\/?s={search_term_string}\"},\"query-input\":{\"@type\":\"PropertyValueSpecification\",\"valueRequired\":true,\"valueName\":\"search_term_string\"}}],\"inLanguage\":\"en-GB\"}]}<\/script>\n<!-- \/ Yoast SEO plugin. -->","yoast_head_json":{"title":"Politique Protection des donn\u00e9es personnelles - Notaires Monge Pilloix","robots":{"index":"index","follow":"follow","max-snippet":"max-snippet:-1","max-image-preview":"max-image-preview:large","max-video-preview":"max-video-preview:-1"},"canonical":"https:\/\/notaires-monge-pilloix.com\/en\/politique-protection-des-donnees-personnelles\/","og_locale":"en_GB","og_type":"article","og_title":"Politique Protection des donn\u00e9es personnelles - Notaires Monge Pilloix","og_description":"DONN\u00c9ES PERSONNELLES Politique Protection des donn\u00e9es personnelles Soucieuse du respect de votre vie priv\u00e9e, la protection des donn\u00e9es personnelles est l\u2019une de nos pr\u00e9occupations majeures. Aussi la pr\u00e9sente politique a pour objectif de vous fournir une information concise et pertinente concernant les traitements de donn\u00e9es personnelles effectu\u00e9s pour la mise en \u0153uvre des sites internet [&hellip;]","og_url":"https:\/\/notaires-monge-pilloix.com\/en\/politique-protection-des-donnees-personnelles\/","og_site_name":"Notaire Arcachon sur Bassin d Arcachon","article_modified_time":"2022-01-12T11:31:28+00:00","twitter_card":"summary_large_image","twitter_misc":{"Estimated reading time":"7 minutes"},"schema":{"@context":"https:\/\/schema.org","@graph":[{"@type":"WebPage","@id":"https:\/\/notaires-monge-pilloix.com\/politique-protection-des-donnees-personnelles\/","url":"https:\/\/notaires-monge-pilloix.com\/politique-protection-des-donnees-personnelles\/","name":"Politique Protection des donn\u00e9es personnelles - Notaires Monge Pilloix","isPartOf":{"@id":"https:\/\/notaires-monge-pilloix.com\/#website"},"datePublished":"2021-12-07T12:07:56+00:00","dateModified":"2022-01-12T11:31:28+00:00","breadcrumb":{"@id":"https:\/\/notaires-monge-pilloix.com\/politique-protection-des-donnees-personnelles\/#breadcrumb"},"inLanguage":"en-GB","potentialAction":[{"@type":"ReadAction","target":["https:\/\/notaires-monge-pilloix.com\/politique-protection-des-donnees-personnelles\/"]}]},{"@type":"BreadcrumbList","@id":"https:\/\/notaires-monge-pilloix.com\/politique-protection-des-donnees-personnelles\/#breadcrumb","itemListElement":[{"@type":"ListItem","position":1,"name":"Accueil","item":"https:\/\/notaires-monge-pilloix.com\/"},{"@type":"ListItem","position":2,"name":"Politique Protection des donn\u00e9es personnelles"}]},{"@type":"WebSite","@id":"https:\/\/notaires-monge-pilloix.com\/#website","url":"https:\/\/notaires-monge-pilloix.com\/","name":"Notaire Arcachon sur Bassin d Arcachon","description":"Monge \/ Pilloix","potentialAction":[{"@type":"SearchAction","target":{"@type":"EntryPoint","urlTemplate":"https:\/\/notaires-monge-pilloix.com\/?s={search_term_string}"},"query-input":{"@type":"PropertyValueSpecification","valueRequired":true,"valueName":"search_term_string"}}],"inLanguage":"en-GB"}]}},"_links":{"self":[{"href":"https:\/\/notaires-monge-pilloix.com\/en\/wp-json\/wp\/v2\/pages\/417","targetHints":{"allow":["GET"]}}],"collection":[{"href":"https:\/\/notaires-monge-pilloix.com\/en\/wp-json\/wp\/v2\/pages"}],"about":[{"href":"https:\/\/notaires-monge-pilloix.com\/en\/wp-json\/wp\/v2\/types\/page"}],"author":[{"embeddable":true,"href":"https:\/\/notaires-monge-pilloix.com\/en\/wp-json\/wp\/v2\/users\/1"}],"replies":[{"embeddable":true,"href":"https:\/\/notaires-monge-pilloix.com\/en\/wp-json\/wp\/v2\/comments?post=417"}],"version-history":[{"count":3,"href":"https:\/\/notaires-monge-pilloix.com\/en\/wp-json\/wp\/v2\/pages\/417\/revisions"}],"predecessor-version":[{"id":502,"href":"https:\/\/notaires-monge-pilloix.com\/en\/wp-json\/wp\/v2\/pages\/417\/revisions\/502"}],"wp:attachment":[{"href":"https:\/\/notaires-monge-pilloix.com\/en\/wp-json\/wp\/v2\/media?parent=417"}],"curies":[{"name":"wp","href":"https:\/\/api.w.org\/{rel}","templated":true}]}}