{"id":8,"date":"2021-10-26T10:31:46","date_gmt":"2021-10-26T10:31:46","guid":{"rendered":"https:\/\/notaires-monge-pilloix.com\/?page_id=8"},"modified":"2022-01-12T11:31:48","modified_gmt":"2022-01-12T11:31:48","slug":"etude-notariale-arcachon","status":"publish","type":"page","link":"https:\/\/notaires-monge-pilloix.com\/en\/etude-notariale-arcachon\/","title":{"rendered":"L&rsquo;\u00e9tude"},"content":{"rendered":"","protected":false},"excerpt":{"rendered":"","protected":false},"author":1,"featured_media":0,"parent":0,"menu_order":0,"comment_status":"closed","ping_status":"closed","template":"","meta":{"_et_pb_use_builder":"on","_et_pb_old_content":"","_et_gb_content_width":"","footnotes":""},"class_list":["post-8","page","type-page","status-publish","hentry"],"yoast_head":"<!-- This site is optimized with the Yoast SEO plugin v27.5 - https:\/\/yoast.com\/product\/yoast-seo-wordpress\/ -->\n<title>\u00c9tude notariale \u00e0 Arcachon: d\u00e9couvrez-la - Notaires Monge Pilloix<\/title>\n<meta name=\"description\" content=\"D\u00e9couvrez notre \u00e9tude notariale bas\u00e9e \u00e0 Arcachon. Ma\u00eetre Monge, Ma\u00eetre Pilloix notaires associ\u00e9es en droit de l&#039;immobilier, des affaires et de la famille.\" \/>\n<meta name=\"robots\" content=\"index, follow, max-snippet:-1, max-image-preview:large, max-video-preview:-1\" \/>\n<link rel=\"canonical\" href=\"https:\/\/notaires-monge-pilloix.com\/en\/etude-notariale-arcachon\/\" \/>\n<meta property=\"og:locale\" content=\"en_GB\" \/>\n<meta property=\"og:type\" content=\"article\" \/>\n<meta property=\"og:title\" content=\"\u00c9tude notariale \u00e0 Arcachon: d\u00e9couvrez-la - Notaires Monge Pilloix\" \/>\n<meta property=\"og:description\" content=\"D\u00e9couvrez notre \u00e9tude notariale bas\u00e9e \u00e0 Arcachon. Ma\u00eetre Monge, Ma\u00eetre Pilloix notaires associ\u00e9es en droit de l&#039;immobilier, des affaires et de la famille.\" \/>\n<meta property=\"og:url\" content=\"https:\/\/notaires-monge-pilloix.com\/en\/etude-notariale-arcachon\/\" \/>\n<meta property=\"og:site_name\" content=\"Notaire Arcachon sur Bassin d Arcachon\" \/>\n<meta property=\"article:modified_time\" content=\"2022-01-12T11:31:48+00:00\" \/>\n<meta name=\"twitter:card\" content=\"summary_large_image\" \/>\n<script type=\"application\/ld+json\" class=\"yoast-schema-graph\">{\"@context\":\"https:\\\/\\\/schema.org\",\"@graph\":[{\"@type\":\"WebPage\",\"@id\":\"https:\\\/\\\/notaires-monge-pilloix.com\\\/etude-notariale-arcachon\\\/\",\"url\":\"https:\\\/\\\/notaires-monge-pilloix.com\\\/etude-notariale-arcachon\\\/\",\"name\":\"\u00c9tude notariale \u00e0 Arcachon: d\u00e9couvrez-la - Notaires Monge Pilloix\",\"isPartOf\":{\"@id\":\"https:\\\/\\\/notaires-monge-pilloix.com\\\/#website\"},\"datePublished\":\"2021-10-26T10:31:46+00:00\",\"dateModified\":\"2022-01-12T11:31:48+00:00\",\"description\":\"D\u00e9couvrez notre \u00e9tude notariale bas\u00e9e \u00e0 Arcachon. Ma\u00eetre Monge, Ma\u00eetre Pilloix notaires associ\u00e9es en droit de l'immobilier, des affaires et de la famille.\",\"breadcrumb\":{\"@id\":\"https:\\\/\\\/notaires-monge-pilloix.com\\\/etude-notariale-arcachon\\\/#breadcrumb\"},\"inLanguage\":\"en-GB\",\"potentialAction\":[{\"@type\":\"ReadAction\",\"target\":[\"https:\\\/\\\/notaires-monge-pilloix.com\\\/etude-notariale-arcachon\\\/\"]}]},{\"@type\":\"BreadcrumbList\",\"@id\":\"https:\\\/\\\/notaires-monge-pilloix.com\\\/etude-notariale-arcachon\\\/#breadcrumb\",\"itemListElement\":[{\"@type\":\"ListItem\",\"position\":1,\"name\":\"Accueil\",\"item\":\"https:\\\/\\\/notaires-monge-pilloix.com\\\/\"},{\"@type\":\"ListItem\",\"position\":2,\"name\":\"L&rsquo;\u00e9tude\"}]},{\"@type\":\"WebSite\",\"@id\":\"https:\\\/\\\/notaires-monge-pilloix.com\\\/#website\",\"url\":\"https:\\\/\\\/notaires-monge-pilloix.com\\\/\",\"name\":\"Notaire Arcachon sur Bassin d Arcachon\",\"description\":\"Monge \\\/ Pilloix\",\"potentialAction\":[{\"@type\":\"SearchAction\",\"target\":{\"@type\":\"EntryPoint\",\"urlTemplate\":\"https:\\\/\\\/notaires-monge-pilloix.com\\\/?s={search_term_string}\"},\"query-input\":{\"@type\":\"PropertyValueSpecification\",\"valueRequired\":true,\"valueName\":\"search_term_string\"}}],\"inLanguage\":\"en-GB\"}]}<\/script>\n<!-- \/ Yoast SEO plugin. -->","yoast_head_json":{"title":"\u00c9tude notariale \u00e0 Arcachon: d\u00e9couvrez-la - Notaires Monge Pilloix","description":"D\u00e9couvrez notre \u00e9tude notariale bas\u00e9e \u00e0 Arcachon. Ma\u00eetre Monge, Ma\u00eetre Pilloix notaires associ\u00e9es en droit de l'immobilier, des affaires et de la famille.","robots":{"index":"index","follow":"follow","max-snippet":"max-snippet:-1","max-image-preview":"max-image-preview:large","max-video-preview":"max-video-preview:-1"},"canonical":"https:\/\/notaires-monge-pilloix.com\/en\/etude-notariale-arcachon\/","og_locale":"en_GB","og_type":"article","og_title":"\u00c9tude notariale \u00e0 Arcachon: d\u00e9couvrez-la - Notaires Monge Pilloix","og_description":"D\u00e9couvrez notre \u00e9tude notariale bas\u00e9e \u00e0 Arcachon. Ma\u00eetre Monge, Ma\u00eetre Pilloix notaires associ\u00e9es en droit de l'immobilier, des affaires et de la famille.","og_url":"https:\/\/notaires-monge-pilloix.com\/en\/etude-notariale-arcachon\/","og_site_name":"Notaire Arcachon sur Bassin d Arcachon","article_modified_time":"2022-01-12T11:31:48+00:00","twitter_card":"summary_large_image","schema":{"@context":"https:\/\/schema.org","@graph":[{"@type":"WebPage","@id":"https:\/\/notaires-monge-pilloix.com\/etude-notariale-arcachon\/","url":"https:\/\/notaires-monge-pilloix.com\/etude-notariale-arcachon\/","name":"\u00c9tude notariale \u00e0 Arcachon: d\u00e9couvrez-la - Notaires Monge Pilloix","isPartOf":{"@id":"https:\/\/notaires-monge-pilloix.com\/#website"},"datePublished":"2021-10-26T10:31:46+00:00","dateModified":"2022-01-12T11:31:48+00:00","description":"D\u00e9couvrez notre \u00e9tude notariale bas\u00e9e \u00e0 Arcachon. Ma\u00eetre Monge, Ma\u00eetre Pilloix notaires associ\u00e9es en droit de l'immobilier, des affaires et de la famille.","breadcrumb":{"@id":"https:\/\/notaires-monge-pilloix.com\/etude-notariale-arcachon\/#breadcrumb"},"inLanguage":"en-GB","potentialAction":[{"@type":"ReadAction","target":["https:\/\/notaires-monge-pilloix.com\/etude-notariale-arcachon\/"]}]},{"@type":"BreadcrumbList","@id":"https:\/\/notaires-monge-pilloix.com\/etude-notariale-arcachon\/#breadcrumb","itemListElement":[{"@type":"ListItem","position":1,"name":"Accueil","item":"https:\/\/notaires-monge-pilloix.com\/"},{"@type":"ListItem","position":2,"name":"L&rsquo;\u00e9tude"}]},{"@type":"WebSite","@id":"https:\/\/notaires-monge-pilloix.com\/#website","url":"https:\/\/notaires-monge-pilloix.com\/","name":"Notaire Arcachon sur Bassin d Arcachon","description":"Monge \/ Pilloix","potentialAction":[{"@type":"SearchAction","target":{"@type":"EntryPoint","urlTemplate":"https:\/\/notaires-monge-pilloix.com\/?s={search_term_string}"},"query-input":{"@type":"PropertyValueSpecification","valueRequired":true,"valueName":"search_term_string"}}],"inLanguage":"en-GB"}]}},"_links":{"self":[{"href":"https:\/\/notaires-monge-pilloix.com\/en\/wp-json\/wp\/v2\/pages\/8","targetHints":{"allow":["GET"]}}],"collection":[{"href":"https:\/\/notaires-monge-pilloix.com\/en\/wp-json\/wp\/v2\/pages"}],"about":[{"href":"https:\/\/notaires-monge-pilloix.com\/en\/wp-json\/wp\/v2\/types\/page"}],"author":[{"embeddable":true,"href":"https:\/\/notaires-monge-pilloix.com\/en\/wp-json\/wp\/v2\/users\/1"}],"replies":[{"embeddable":true,"href":"https:\/\/notaires-monge-pilloix.com\/en\/wp-json\/wp\/v2\/comments?post=8"}],"version-history":[{"count":1,"href":"https:\/\/notaires-monge-pilloix.com\/en\/wp-json\/wp\/v2\/pages\/8\/revisions"}],"predecessor-version":[{"id":9,"href":"https:\/\/notaires-monge-pilloix.com\/en\/wp-json\/wp\/v2\/pages\/8\/revisions\/9"}],"wp:attachment":[{"href":"https:\/\/notaires-monge-pilloix.com\/en\/wp-json\/wp\/v2\/media?parent=8"}],"curies":[{"name":"wp","href":"https:\/\/api.w.org\/{rel}","templated":true}]}}